{"id":5,"date":"2020-03-09T16:07:31","date_gmt":"2020-03-09T15:07:31","guid":{"rendered":"http:\/\/groupecasadot.com\/?page_id=5"},"modified":"2025-07-23T19:21:53","modified_gmt":"2025-07-23T17:21:53","slug":"accueil","status":"publish","type":"page","link":"https:\/\/groupecasadot.com\/","title":{"rendered":"Accueil"},"content":{"rendered":"<!-- wp:extendstudio\/materialis--><div  data-label=\"Qui sommes nous\" data-id=\"about--1\" data-export-id=\"about-1\" data-category=\"about\" class=\"about-1 content-section content-section-spacing-large\" id=\"qui-sommes-nous\" style=\"background-color: rgb(255, 255, 255); background-image: none;\"><div  class=\"\"> <div  class=\"row col-xs-12\"><div  class=\"section-title-col content-center-sm\" data-type=\"column\">  <h2  class=\"\">Qui sommes nous?<\/h2><p  class=\"lead\">CASADOT B\u00e2timent est une entreprise sp\u00e9cialis\u00e9e dans l\u2019entretien de votre patrimoine immobilier (immeubles, appartements, locaux commerciaux). Forts de notre exp\u00e9rience et de notre expertise technique, nous mettons \u00e0 votre disposition un savoir-faire \u00e9prouv\u00e9 pour mener \u00e0 bien tous vos projets de construction et de r\u00e9novation.\n<br ><br >Nous accordons une importance primordiale \u00e0 la qualit\u00e9 de nos services afin de satisfaire vos besoins sp\u00e9cifiques en mati\u00e8re de travaux immobiliers. Nos \u00e9quipes qualifi\u00e9es et exp\u00e9riment\u00e9es sont d\u00e9di\u00e9es \u00e0 assurer une gestion rigoureuse et un suivi continu, garantissant des r\u00e9sultats fiables et durables.<br ><br >Notre objectif est de r\u00e9aliser des travaux de qualit\u00e9, pilot\u00e9s par des professionnels du b\u00e2timent poss\u00e9dant une expertise solide acquise au fil des ann\u00e9es. Nous sommes fiers de collaborer avec des administrateurs de biens, des syndics de copropri\u00e9t\u00e9, et des collectivit\u00e9s territoriales pour des projets ambitieux visant \u00e0 pr\u00e9server et valoriser votre patrimoine.<br ><br >CASADOT B\u00e2timent s\u2019engage \u00e0 vous accompagner \u00e0 chaque \u00e9tape de vos projets, de la conception \u00e0 la r\u00e9alisation, en veillant \u00e0 leur p\u00e9rennit\u00e9. Nous simplifions la gestion de vos travaux en vous offrant un interlocuteur unique, assurant ainsi un suivi personnalis\u00e9, un \u00e9change fluide et une coordination optimale.<br ><br >Faites confiance \u00e0 CASADOT B\u00e2timent pour vos projets de maintenance et d\u2019entretien de patrimoine immobilier, avec la garantie d\u2019une expertise technique et d\u2019un service de qualit\u00e9, adapt\u00e9 \u00e0 vos besoins.<\/p> <\/div> <\/div> <div  class=\"row col-xs-12\"> <div  class=\"button-holder space-bottom space-bottom-small content-center-sm\" data-type=\"column\"> <\/div> <div  class=\"col-xs bottom-xs flexbox image-group-bottom-3-img center-xs\"> <img  decoding=\"async\" class=\"left-img mdc-elevation--z10 rounded-topleft-topright\" data-size=\"400x275\" src=\"https:\/\/groupecasadot.com\/wp-content\/uploads\/2020\/03\/cropped-building-4031865_1280.jpg\"> <img  decoding=\"async\" class=\"center-img mdc-elevation--z10 rounded-topleft-topright\" data-size=\"500x325\" src=\"https:\/\/groupecasadot.com\/wp-content\/uploads\/2020\/03\/cropped-chapel-1957296_1280.jpg\"> <img  decoding=\"async\" class=\"right-img mdc-elevation--z10 rounded-topleft-topright\" data-size=\"400x275\" src=\"https:\/\/groupecasadot.com\/wp-content\/uploads\/2020\/03\/cropped-room-597166_640.jpg\"><\/div> <\/div><\/div> <\/div><!-- \/wp:extendstudio\/materialis--><!-- \/wp:extendstudio\/materialis--><!-- CloudPress Companion Preview Data START --><!-- wp:extendstudio\/materialis--><!-- \/wp:extendstudio\/materialis--><!-- wp:extendstudio\/materialis--><!-- \/wp:extendstudio\/materialis--><!-- wp:extendstudio\/materialis--><div  data-label=\"Services\" data-id=\"content--1\" data-export-id=\"content-6\" data-category=\"content\" class=\"content-6 content-section content-section-spacing-large\" id=\"services\" style=\"background-color: rgb(255, 255, 255); background-image: none;\"><div  class=\"gridContainer\"> <div  class=\"row text-center\"><div  class=\"section-title-col\" data-type=\"column\"> <h2  class=\"\">Nos services<\/h2> <\/div> <\/div> <div  class=\"row middle-sm\"> <div  class=\"col-xs-12 col-sm-6\"> <div  class=\"row\"> <div  class=\"col-xs-12 space-bottom\" data-type=\"column\"> <h3  class=\"color1\">D\u00e9couvrez nos services pens\u00e9s pour garantir la p\u00e9rennit\u00e9 de vos biens et assurer un suivi professionnel \u00e0 chaque \u00e9tape de vos projets.<\/h3> <\/div> <div  class=\"col-xs-12\" data-type=\"row\" data-max-items=\"4\"><div  class=\"row space-bottom\"> <div  class=\"col-xs-12 col-md-fit\" data-fixed=\"true\"><i  class=\"mdi icon color1 mdi-worker reverse round normal-size\"><\/i><\/div> <div  class=\"col-xs-12 col-md\" data-type=\"column\"> <p  class=\"\">\u2013 Peinture\n<br >\n\u2013 Ma\u00e7onnerie\n<br >\n\u2013 Ravalement\n<br >\n\u2013 M\u00e9tallerie\n<br >\n\u2013 Isolation thermique\n<br >\n\u2013 \u00c9tanch\u00e9it\u00e9\n<br >\n\u2013 Menuiserie&nbsp;(PVC, alu, bois)\n<br >\u2013 Contr\u00f4le d\u2019acc\u00e9s\n<br >\n\u2013 Rev\u00eatement de sols\n<br >\n\u2013 Cloison\n<br >\n\u2013 Faux-plafonds\n<br >\n\u2013 Portes\n<br >\n\u2013 Fen\u00eatres<\/p><\/div> <\/div>  <\/div> <\/div><\/div> <div  class=\"col-xs-12 col-sm-6 flexbox around-xs top-xs\"><div  class=\"overlay-box middle-xs center-xs flexbox box-image\"> <div  class=\"overlay-box-offset mdc-elevation--z5 border-color1 hide-xs border-radius-8 offset-background\"><\/div> <img  decoding=\"async\" class=\"mdc-elevation--z10 rounded\" src=\"https:\/\/groupecasadot.com\/wp-content\/uploads\/2024\/09\/cropped-construction-4754310_1280.jpg\"><\/div> <\/div><\/div> <\/div><\/div><!-- wp:extendstudio\/materialis--><div  data-label=\"Nos engagements\" data-id=\"features--1\" data-export-id=\"features-10-materialis\" data-category=\"features\" class=\"features-10m content-section-spacing-large content-section\" id=\"nos-engagements\" style=\"background-color: rgb(255, 255, 255); background-image: none;\"><div  class=\"gridContainer\"> <div  class=\"row\"><div  class=\"section-title-col\" data-type=\"column\">  <h2  class=\"\">Nos engagements<\/h2><h3  class=\"\">R\u00e9activit\u00e9, adaptabilit\u00e9, comp\u00e9tences et simplicit\u00e9 de gestion<\/h3><\/div> <\/div> <div  class=\"row \"> <div  class=\"col-xs-12 col-md-10 col-md-offset-1\"> <div  class=\"row space-top spaced-cols content-left-sm center-sm\" data-type=\"row\" data-max-items=\"4\"> <div  class=\"col-xs-10 col-sm-6 col-sm-offset-0 col-xs-offset-1 col-md-6 \"> <div  class=\"card no-radius mdc-elevation--z1 y-move bg-color-white padding-24 bordered\" data-type=\"column\"> <i  class=\"mdi icon color1 mdi-check-circle reverse round big\"><\/i> <h6  class=\"\">R\u00e9activit\u00e9 : Une r\u00e9ponse rapide et efficace<\/h6><p  class=\"\"><span  style=\"text-align: start; font-size: medium;\">Nos \u00e9quipes sont form\u00e9es pour \u00e9valuer rapidement vos besoins et proposer des solutions adapt\u00e9es. Cette r\u00e9activit\u00e9 est au c\u0153ur de notre processus de gestion des projets, car elle garantit une&nbsp;<\/span><strong  style=\"text-align: start;\">avanc\u00e9e fluide<\/strong><span  style=\"text-align: start; font-size: medium;\">&nbsp;des travaux tout en respectant les d\u00e9lais impartis.<\/span><br >\n<\/p><\/div> <\/div> <div  class=\"col-xs-10 col-sm-6 col-sm-offset-0 col-xs-offset-1 col-md-6 \"> <div  class=\"card no-radius mdc-elevation--z1 y-move bg-color-white padding-24 bordered\" data-type=\"column\"> <i  class=\"mdi icon color1 mdi-check-circle reverse round big\"><\/i> <h6  class=\"\">Adaptabilit\u00e9 : Une solution sur mesure pour chaque projet<\/h6><p  style=\"text-align: start;\" class=\"\">&nbsp;Que vous soyez un&nbsp;<strong >syndic de copropri\u00e9t\u00e9<\/strong>, une&nbsp;<strong >collectivit\u00e9 territoriale<\/strong>&nbsp;ou un&nbsp;<strong >administrateur de biens<\/strong>, nous ajustons nos services \u00e0 vos besoins sp\u00e9cifiques et aux contraintes inh\u00e9rentes \u00e0 chaque situation.&nbsp;<\/p><\/div> <\/div>    <div  class=\"col-xs-10 col-sm-6 col-sm-offset-0 col-xs-offset-1 col-md-6 \"> <div  class=\"card no-radius mdc-elevation--z1 y-move bg-color-white padding-24 bordered\" data-type=\"column\"> <i  class=\"mdi icon color1 mdi-check-circle reverse round big\"><\/i> <h6  class=\"\">Comp\u00e9tences : Des experts qualifi\u00e9s \u00e0 votre service<\/h6><p  class=\"\"><span  style=\"text-align: start; font-size: medium;\">&nbsp;Nos experts mettent leurs comp\u00e9tences au service de vos projets, garantissant des r\u00e9sultats conformes aux&nbsp;<\/span><strong  style=\"text-align: start;\">normes les plus strictes<\/strong><span  style=\"text-align: start; font-size: medium;\">&nbsp;du secteur. Nous investissons continuellement dans la formation et l\u2019\u00e9volution de nos collaborateurs pour maintenir un niveau d\u2019excellence et de ma\u00eetrise technique.<\/span><\/p><\/div> <\/div><div  class=\"col-xs-10 col-sm-6 col-sm-offset-0 col-xs-offset-1 col-md-6 \"> <div  class=\"card no-radius mdc-elevation--z1 y-move bg-color-white padding-24 bordered\" data-type=\"column\"> <i  class=\"mdi icon color1 mdi-check-circle reverse round big\"><\/i> <h6  class=\"\">Facilit\u00e9 de gestion : Un interlocuteur unique pour un suivi simplifi\u00e9<\/h6><p  class=\"\"><span  style=\"text-align: start; font-size: medium;\">&nbsp;Cette approche est con\u00e7ue pour faciliter la communication, \u00e9viter les malentendus, et garantir une&nbsp;<\/span><strong  style=\"text-align: start;\">parfaite coordination<\/strong><span  style=\"text-align: start; font-size: medium;\">&nbsp;\u00e0 toutes les \u00e9tapes du projet. L\u2019interlocuteur unique est charg\u00e9 de suivre l\u2019\u00e9volution des travaux, de r\u00e9pondre \u00e0 vos questions et de s\u2019assurer que chaque phase du chantier se d\u00e9roule selon le plan \u00e9tabli.<\/span><br >\n<\/p><\/div> <\/div><\/div> <\/div><\/div> <\/div><\/div><!-- \/wp:extendstudio\/materialis--><!-- CloudPress Companion Preview Data START --><!-- \/wp:extendstudio\/materialis--><!-- wp:extendstudio\/materialis--><!-- \/wp:extendstudio\/materialis--><!-- wp:extendstudio\/materialis--><!-- CloudPress Companion Preview Data START --><!-- wp:extendstudio\/materialis--><!-- \/wp:extendstudio\/materialis--><!-- CloudPress Companion Preview Data START --><!-- wp:extendstudio\/materialis--><!-- \/wp:extendstudio\/materialis--><!-- \/wp:extendstudio\/materialis--><!-- wp:extendstudio\/materialis--><div  data-label=\"image\" data-id=\"content--2\" data-export-id=\"content-5-materialis\" data-category=\"content\" class=\"content-5m content-section-spacing-large content-section\" id=\"image\" style=\"background-color: rgb(255, 255, 255); background-image: none;\"><div  class=\"\"> <div  class=\"row\"><div  class=\"col-xs-12 col-sm-8 col-sm-offset-2 space-bottom text-center col-padding-small-xs\" data-type=\"column\"> <img  decoding=\"async\" class=\"mdc-elevation--z13 rounded\" src=\"https:\/\/groupecasadot.com\/wp-content\/uploads\/2024\/09\/cropped-Fichier-1@4x.png\"><\/div> <div  class=\"col-xs-12 text-center large\" data-type=\"column\">  <\/div> <\/div><\/div> <\/div><!-- \/wp:extendstudio\/materialis--><!-- CloudPress Companion Preview Data START --><!-- wp:extendstudio\/materialis--><div  data-label=\"Clients\" data-id=\"clients--2\" data-export-id=\"clients-2-materialis\" data-category=\"clients\" class=\"clients-2-materialis content-section content-section-spacing-large\" id=\"clients-2\" style=\"background-color: rgb(255, 255, 255);\"><div  class=\"gridContainer\"> <div  class=\"row\"><div  class=\"section-title-col\" data-type=\"column\"> <h2  class=\"\">\n<br >Ils nous font confiance<\/h2> <p  class=\"lead\"><\/p><p  class=\"\">Notre engagement principal est de satisfaire nos clients en respectant nos valeurs de transparence, de professionnalisme, et de qualit\u00e9. Chaque projet est trait\u00e9 avec le plus grand soin, et nous nous assurons que les solutions propos\u00e9es r\u00e9pondent aux attentes les plus \u00e9lev\u00e9es. Notre r\u00e9activit\u00e9 et notres flexibilit\u00e9 nous permettent de de maintenir une relation de confiance avec nos clients, en nous adaptant constamment \u00e0 leurs besoins. Nous croyons qu\u2019une communication fluide et une gestion transparente sont la cl\u00e9 d\u2019une partenariat r\u00e9ussi.<\/p><\/div> <\/div> <div  class=\"row spaced-cols center-sm\" data-type=\"row\" data-fixed=\"true\"> <div  class=\"col-sm-3 col-md-2 col-xs-4 \"> <div  class=\"card mdc-elevation--z3\"> <div  class=\"flexbox image-holder middle-sm center-xs\" data-type=\"column\"> <img  decoding=\"async\" class=\"\" src=\"https:\/\/groupecasadot.com\/wp-content\/uploads\/2020\/03\/cropped-600px-Logo_Val_Oise.svg_.png\"><\/div> <\/div><\/div> <div  class=\"col-sm-3 col-md-2 col-xs-4 \"><div  class=\"card mdc-elevation--z3\"> <div  class=\"flexbox image-holder middle-sm center-xs\" data-type=\"column\"> <img  decoding=\"async\" class=\"\" src=\"https:\/\/groupecasadot.com\/wp-content\/uploads\/2020\/03\/cropped-sergic.png\"><\/div> <\/div><\/div> <div  class=\"col-sm-3 col-md-2 col-xs-4 \"><div  class=\"card mdc-elevation--z3\"> <div  class=\"flexbox image-holder middle-sm center-xs\" data-type=\"column\"> <img  decoding=\"async\" class=\"\" src=\"https:\/\/groupecasadot.com\/wp-content\/uploads\/2020\/03\/cropped-Logo-Century-21.png\"><\/div> <\/div><\/div> <div  class=\"col-sm-3 col-md-2 col-xs-4 \"><div  class=\"card mdc-elevation--z3\"> <div  class=\"flexbox image-holder middle-sm center-xs\" data-type=\"column\"> <img  decoding=\"async\" class=\"\" src=\"https:\/\/groupecasadot.com\/wp-content\/uploads\/2020\/03\/cropped-Logo_Foncia.png\"><\/div> <\/div><\/div>  <div  class=\"col-sm-3 col-md-2 col-xs-4 \"><div  class=\"card mdc-elevation--z3\"> <div  class=\"flexbox image-holder middle-sm center-xs\" data-type=\"column\"> <img  decoding=\"async\" class=\"\" src=\"https:\/\/groupecasadot.com\/wp-content\/uploads\/2020\/03\/cropped-orpi.png\"><\/div> <\/div><\/div>  <div  class=\"col-sm-3 col-md-2 col-xs-4 \"><div  class=\"card mdc-elevation--z3\"> <div  class=\"flexbox image-holder middle-sm center-xs\" data-type=\"column\"> <img  decoding=\"async\" class=\"\" src=\"https:\/\/groupecasadot.com\/wp-content\/uploads\/2020\/03\/cropped-3f.png\"><\/div> <\/div><\/div> <div  class=\"col-sm-3 col-md-2 col-xs-4 \"> <div  class=\"card mdc-elevation--z3\"> <div  class=\"flexbox image-holder middle-sm center-xs\" data-type=\"column\"> <img  decoding=\"async\" class=\"\" src=\"https:\/\/groupecasadot.com\/wp-content\/uploads\/2020\/03\/cropped-logo-RIVP.png\"><\/div> <\/div><\/div><div  class=\"col-sm-3 col-md-2 col-xs-4 \"> <div  class=\"card mdc-elevation--z3\"> <div  class=\"flexbox image-holder middle-sm center-xs\" data-type=\"column\"> <img  decoding=\"async\" class=\"\" src=\"https:\/\/groupecasadot.com\/wp-content\/uploads\/2020\/03\/cropped-orange.png\"><\/div> <\/div><\/div><div  class=\"col-sm-3 col-md-2 col-xs-4 \"> <div  class=\"card mdc-elevation--z3\"> <div  class=\"flexbox image-holder middle-sm center-xs\" data-type=\"column\"> <img  decoding=\"async\" class=\"\" src=\"https:\/\/groupecasadot.com\/wp-content\/uploads\/2020\/03\/cropped-Mairie-de-Paris.png\"><\/div> <\/div><\/div><div  class=\"col-sm-3 col-md-2 col-xs-4\"> <div  class=\"card mdc-elevation--z3\"> <div  class=\"flexbox image-holder middle-sm center-xs\" data-type=\"column\"> <img  decoding=\"async\" class=\"\" src=\"https:\/\/groupecasadot.com\/wp-content\/uploads\/2020\/03\/cropped-cropped-oralia-1.jpg\"><\/div> <\/div><\/div><\/div><\/div> <\/div><!-- \/wp:extendstudio\/materialis--><!-- wp:extendstudio\/materialis--><div  data-label=\"Contact\" data-id=\"cta--1\" data-export-id=\"cta-1-materialis\" data-category=\"cta\" class=\"content-relative content-section content-section-spacing-large cta-1-materialis section-title-col-white-text\" data-section-ov=\"1\" data-parallax-depth=\"20\" id=\"contact-1\" style=\"background-color: rgb(255, 255, 255); background-size: cover; background-position: center top; background-image: url(&quot;https:\/\/groupecasadot.com\/wp-content\/uploads\/2020\/03\/architecture-768432_1280.jpg&quot;);\"><div  class=\"gridContainer\"> <div  class=\"row text-center col-sm-padding-medium\"><div  class=\"col-md-6 col-md-offset-3 col-xs-10 col-xs-offset-1 card mdc-elevation--z3 box-padding-lr-small\"> <div  data-type=\"column\" class=\"\"><h2  class=\"\">Nous contacter\n<br >\n<\/h2> <p  class=\"\">Pour de plus amples informations vous pouvez nous joindre: \n<br ><br >\u2013 par t\u00e9l\u00e9phone : 01.34.17.89.64 \n<br > <br >\u2013 par mail : add@groupecasadot.com&nbsp;\n<br >\n\n<br >\n<\/p> <\/div> <\/div><\/div> <\/div><\/div>","protected":false},"excerpt":{"rendered":"<p>Qui sommes nous?CASADOT B\u00e2timent est une entreprise sp\u00e9cialis\u00e9e dans l\u2019entretien de votre patrimoine immobilier (immeubles, appartements, locaux commerciaux). Forts de notre exp\u00e9rience et de notre expertise technique, nous mettons \u00e0 votre disposition un savoir-faire \u00e9prouv\u00e9 pour mener \u00e0 bien tous vos projets de construction et de r\u00e9novation. Nous accordons une importance primordiale \u00e0 la qualit\u00e9&nbsp;&hellip;<\/p>\n","protected":false},"author":1,"featured_media":0,"parent":0,"menu_order":0,"comment_status":"closed","ping_status":"closed","template":"page-templates\/homepage.php","meta":{"footnotes":""},"class_list":["post-5","page","type-page","status-publish","hentry"],"yoast_head":"<!-- This site is optimized with the Yoast SEO plugin v25.6 - https:\/\/yoast.com\/wordpress\/plugins\/seo\/ -->\n<title>- CASADOT B\u00c2TIMENT<\/title>\n<meta name=\"description\" content=\"CASADOT B\u00e2timent, expert en maintenance, entretien et r\u00e9novation immobili\u00e8re. Nos \u00e9quipes qualifi\u00e9es interviennent rapidement pour assurer la p\u00e9rennit\u00e9 de vos biens. D\u00e9couvrez nos services sur mesure pour syndicats de copropri\u00e9t\u00e9, collectivit\u00e9s et administrateurs de biens.\" \/>\n<meta name=\"robots\" content=\"index, follow, max-snippet:-1, max-image-preview:large, max-video-preview:-1\" \/>\n<link rel=\"canonical\" href=\"https:\/\/groupecasadot.com\/\" \/>\n<meta property=\"og:locale\" content=\"fr_FR\" \/>\n<meta property=\"og:type\" content=\"article\" \/>\n<meta property=\"og:title\" content=\"CASADOT B\u00e2timent\" \/>\n<meta property=\"og:description\" content=\"CASADOT B\u00e2timent, expert en maintenance, entretien et r\u00e9novation immobili\u00e8re. Nos \u00e9quipes qualifi\u00e9es interviennent rapidement pour assurer la p\u00e9rennit\u00e9 de vos biens. D\u00e9couvrez nos services sur mesure pour syndicats de copropri\u00e9t\u00e9, collectivit\u00e9s et administrateurs de biens.\" \/>\n<meta property=\"og:url\" content=\"https:\/\/groupecasadot.com\/\" \/>\n<meta property=\"og:site_name\" content=\"CASADOT B\u00c2TIMENT\" \/>\n<meta property=\"article:modified_time\" content=\"2025-07-23T17:21:53+00:00\" \/>\n<meta property=\"og:image\" content=\"https:\/\/groupecasadot.com\/wp-content\/uploads\/2024\/09\/Fichier-6@4x.png\" \/>\n\t<meta property=\"og:image:width\" content=\"585\" \/>\n\t<meta property=\"og:image:height\" content=\"585\" \/>\n\t<meta property=\"og:image:type\" content=\"image\/png\" \/>\n<meta name=\"twitter:card\" content=\"summary_large_image\" \/>\n<meta name=\"twitter:label1\" content=\"Dur\u00e9e de lecture estim\u00e9e\" \/>\n\t<meta name=\"twitter:data1\" content=\"8 minutes\" \/>\n<script type=\"application\/ld+json\" class=\"yoast-schema-graph\">{\"@context\":\"https:\/\/schema.org\",\"@graph\":[{\"@type\":\"WebPage\",\"@id\":\"https:\/\/groupecasadot.com\/\",\"url\":\"https:\/\/groupecasadot.com\/\",\"name\":\"- CASADOT B\u00c2TIMENT\",\"isPartOf\":{\"@id\":\"https:\/\/groupecasadot.com\/#website\"},\"primaryImageOfPage\":{\"@id\":\"https:\/\/groupecasadot.com\/#primaryimage\"},\"image\":{\"@id\":\"https:\/\/groupecasadot.com\/#primaryimage\"},\"thumbnailUrl\":\"https:\/\/groupecasadot.com\/wp-content\/uploads\/2020\/03\/cropped-building-4031865_1280.jpg\",\"datePublished\":\"2020-03-09T15:07:31+00:00\",\"dateModified\":\"2025-07-23T17:21:53+00:00\",\"description\":\"CASADOT B\u00e2timent, expert en maintenance, entretien et r\u00e9novation immobili\u00e8re. Nos \u00e9quipes qualifi\u00e9es interviennent rapidement pour assurer la p\u00e9rennit\u00e9 de vos biens. D\u00e9couvrez nos services sur mesure pour syndicats de copropri\u00e9t\u00e9, collectivit\u00e9s et administrateurs de biens.\",\"breadcrumb\":{\"@id\":\"https:\/\/groupecasadot.com\/#breadcrumb\"},\"inLanguage\":\"fr-FR\",\"potentialAction\":[{\"@type\":\"ReadAction\",\"target\":[\"https:\/\/groupecasadot.com\/\"]}]},{\"@type\":\"ImageObject\",\"inLanguage\":\"fr-FR\",\"@id\":\"https:\/\/groupecasadot.com\/#primaryimage\",\"url\":\"https:\/\/groupecasadot.com\/wp-content\/uploads\/2020\/03\/cropped-building-4031865_1280.jpg\",\"contentUrl\":\"https:\/\/groupecasadot.com\/wp-content\/uploads\/2020\/03\/cropped-building-4031865_1280.jpg\",\"width\":1242,\"height\":853},{\"@type\":\"BreadcrumbList\",\"@id\":\"https:\/\/groupecasadot.com\/#breadcrumb\",\"itemListElement\":[{\"@type\":\"ListItem\",\"position\":1,\"name\":\"Accueil\",\"item\":\"https:\/\/groupecasadot.com\/\"},{\"@type\":\"ListItem\",\"position\":2,\"name\":\"Accueil\"}]},{\"@type\":\"WebSite\",\"@id\":\"https:\/\/groupecasadot.com\/#website\",\"url\":\"https:\/\/groupecasadot.com\/\",\"name\":\"CASADOT B\u00c2TIMENT\",\"description\":\"Des Hommes au Service de votre Habitat\",\"publisher\":{\"@id\":\"https:\/\/groupecasadot.com\/#organization\"},\"potentialAction\":[{\"@type\":\"SearchAction\",\"target\":{\"@type\":\"EntryPoint\",\"urlTemplate\":\"https:\/\/groupecasadot.com\/?s={search_term_string}\"},\"query-input\":{\"@type\":\"PropertyValueSpecification\",\"valueRequired\":true,\"valueName\":\"search_term_string\"}}],\"inLanguage\":\"fr-FR\"},{\"@type\":\"Organization\",\"@id\":\"https:\/\/groupecasadot.com\/#organization\",\"name\":\"CASADOT B\u00e2timent\",\"url\":\"https:\/\/groupecasadot.com\/\",\"logo\":{\"@type\":\"ImageObject\",\"inLanguage\":\"fr-FR\",\"@id\":\"https:\/\/groupecasadot.com\/#\/schema\/logo\/image\/\",\"url\":\"https:\/\/groupecasadot.com\/wp-content\/uploads\/2024\/09\/Fichier-6@4x.png\",\"contentUrl\":\"https:\/\/groupecasadot.com\/wp-content\/uploads\/2024\/09\/Fichier-6@4x.png\",\"width\":585,\"height\":585,\"caption\":\"CASADOT B\u00e2timent\"},\"image\":{\"@id\":\"https:\/\/groupecasadot.com\/#\/schema\/logo\/image\/\"}}]}<\/script>\n<!-- \/ Yoast SEO plugin. -->","yoast_head_json":{"title":"- CASADOT B\u00c2TIMENT","description":"CASADOT B\u00e2timent, expert en maintenance, entretien et r\u00e9novation immobili\u00e8re. Nos \u00e9quipes qualifi\u00e9es interviennent rapidement pour assurer la p\u00e9rennit\u00e9 de vos biens. D\u00e9couvrez nos services sur mesure pour syndicats de copropri\u00e9t\u00e9, collectivit\u00e9s et administrateurs de biens.","robots":{"index":"index","follow":"follow","max-snippet":"max-snippet:-1","max-image-preview":"max-image-preview:large","max-video-preview":"max-video-preview:-1"},"canonical":"https:\/\/groupecasadot.com\/","og_locale":"fr_FR","og_type":"article","og_title":"CASADOT B\u00e2timent","og_description":"CASADOT B\u00e2timent, expert en maintenance, entretien et r\u00e9novation immobili\u00e8re. Nos \u00e9quipes qualifi\u00e9es interviennent rapidement pour assurer la p\u00e9rennit\u00e9 de vos biens. D\u00e9couvrez nos services sur mesure pour syndicats de copropri\u00e9t\u00e9, collectivit\u00e9s et administrateurs de biens.","og_url":"https:\/\/groupecasadot.com\/","og_site_name":"CASADOT B\u00c2TIMENT","article_modified_time":"2025-07-23T17:21:53+00:00","og_image":[{"width":585,"height":585,"url":"https:\/\/groupecasadot.com\/wp-content\/uploads\/2024\/09\/Fichier-6@4x.png","type":"image\/png"}],"twitter_card":"summary_large_image","twitter_misc":{"Dur\u00e9e de lecture estim\u00e9e":"8 minutes"},"schema":{"@context":"https:\/\/schema.org","@graph":[{"@type":"WebPage","@id":"https:\/\/groupecasadot.com\/","url":"https:\/\/groupecasadot.com\/","name":"- CASADOT B\u00c2TIMENT","isPartOf":{"@id":"https:\/\/groupecasadot.com\/#website"},"primaryImageOfPage":{"@id":"https:\/\/groupecasadot.com\/#primaryimage"},"image":{"@id":"https:\/\/groupecasadot.com\/#primaryimage"},"thumbnailUrl":"https:\/\/groupecasadot.com\/wp-content\/uploads\/2020\/03\/cropped-building-4031865_1280.jpg","datePublished":"2020-03-09T15:07:31+00:00","dateModified":"2025-07-23T17:21:53+00:00","description":"CASADOT B\u00e2timent, expert en maintenance, entretien et r\u00e9novation immobili\u00e8re. Nos \u00e9quipes qualifi\u00e9es interviennent rapidement pour assurer la p\u00e9rennit\u00e9 de vos biens. D\u00e9couvrez nos services sur mesure pour syndicats de copropri\u00e9t\u00e9, collectivit\u00e9s et administrateurs de biens.","breadcrumb":{"@id":"https:\/\/groupecasadot.com\/#breadcrumb"},"inLanguage":"fr-FR","potentialAction":[{"@type":"ReadAction","target":["https:\/\/groupecasadot.com\/"]}]},{"@type":"ImageObject","inLanguage":"fr-FR","@id":"https:\/\/groupecasadot.com\/#primaryimage","url":"https:\/\/groupecasadot.com\/wp-content\/uploads\/2020\/03\/cropped-building-4031865_1280.jpg","contentUrl":"https:\/\/groupecasadot.com\/wp-content\/uploads\/2020\/03\/cropped-building-4031865_1280.jpg","width":1242,"height":853},{"@type":"BreadcrumbList","@id":"https:\/\/groupecasadot.com\/#breadcrumb","itemListElement":[{"@type":"ListItem","position":1,"name":"Accueil","item":"https:\/\/groupecasadot.com\/"},{"@type":"ListItem","position":2,"name":"Accueil"}]},{"@type":"WebSite","@id":"https:\/\/groupecasadot.com\/#website","url":"https:\/\/groupecasadot.com\/","name":"CASADOT B\u00c2TIMENT","description":"Des Hommes au Service de votre Habitat","publisher":{"@id":"https:\/\/groupecasadot.com\/#organization"},"potentialAction":[{"@type":"SearchAction","target":{"@type":"EntryPoint","urlTemplate":"https:\/\/groupecasadot.com\/?s={search_term_string}"},"query-input":{"@type":"PropertyValueSpecification","valueRequired":true,"valueName":"search_term_string"}}],"inLanguage":"fr-FR"},{"@type":"Organization","@id":"https:\/\/groupecasadot.com\/#organization","name":"CASADOT B\u00e2timent","url":"https:\/\/groupecasadot.com\/","logo":{"@type":"ImageObject","inLanguage":"fr-FR","@id":"https:\/\/groupecasadot.com\/#\/schema\/logo\/image\/","url":"https:\/\/groupecasadot.com\/wp-content\/uploads\/2024\/09\/Fichier-6@4x.png","contentUrl":"https:\/\/groupecasadot.com\/wp-content\/uploads\/2024\/09\/Fichier-6@4x.png","width":585,"height":585,"caption":"CASADOT B\u00e2timent"},"image":{"@id":"https:\/\/groupecasadot.com\/#\/schema\/logo\/image\/"}}]}},"_links":{"self":[{"href":"https:\/\/groupecasadot.com\/index.php?rest_route=\/wp\/v2\/pages\/5"}],"collection":[{"href":"https:\/\/groupecasadot.com\/index.php?rest_route=\/wp\/v2\/pages"}],"about":[{"href":"https:\/\/groupecasadot.com\/index.php?rest_route=\/wp\/v2\/types\/page"}],"author":[{"embeddable":true,"href":"https:\/\/groupecasadot.com\/index.php?rest_route=\/wp\/v2\/users\/1"}],"replies":[{"embeddable":true,"href":"https:\/\/groupecasadot.com\/index.php?rest_route=%2Fwp%2Fv2%2Fcomments&post=5"}],"version-history":[{"count":56,"href":"https:\/\/groupecasadot.com\/index.php?rest_route=\/wp\/v2\/pages\/5\/revisions"}],"predecessor-version":[{"id":423,"href":"https:\/\/groupecasadot.com\/index.php?rest_route=\/wp\/v2\/pages\/5\/revisions\/423"}],"wp:attachment":[{"href":"https:\/\/groupecasadot.com\/index.php?rest_route=%2Fwp%2Fv2%2Fmedia&parent=5"}],"curies":[{"name":"wp","href":"https:\/\/api.w.org\/{rel}","templated":true}]}}